{"id":237,"date":"2024-02-26T16:56:05","date_gmt":"2024-02-26T15:56:05","guid":{"rendered":"https:\/\/acj-redon.fr\/?page_id=237"},"modified":"2024-03-14T09:45:04","modified_gmt":"2024-03-14T08:45:04","slug":"projet-amal","status":"publish","type":"page","link":"https:\/\/acj-redon.fr\/index.php\/projet-amal\/","title":{"rendered":"Projet AMAL"},"content":{"rendered":"\t\t<div data-elementor-type=\"wp-page\" data-elementor-id=\"237\" class=\"elementor elementor-237\">\n\t\t\t\t\t\t<section class=\"elementor-section elementor-top-section elementor-element elementor-element-5c2e5fe elementor-section-boxed elementor-section-height-default elementor-section-height-default\" data-id=\"5c2e5fe\" data-element_type=\"section\" data-e-type=\"section\">\n\t\t\t\t\t\t<div class=\"elementor-container elementor-column-gap-default\">\n\t\t\t\t\t<div class=\"elementor-column elementor-col-66 elementor-top-column elementor-element elementor-element-0444f42\" data-id=\"0444f42\" data-element_type=\"column\" data-e-type=\"column\">\n\t\t\t<div class=\"elementor-widget-wrap elementor-element-populated\">\n\t\t\t\t\t\t<div class=\"elementor-element elementor-element-653bafb elementor-widget elementor-widget-image\" data-id=\"653bafb\" data-element_type=\"widget\" data-e-type=\"widget\" data-widget_type=\"image.default\">\n\t\t\t\t<div class=\"elementor-widget-container\">\n\t\t\t\t\t\t\t\t\t\t\t\t<figure class=\"wp-caption\">\n\t\t\t\t\t\t\t\t\t\t<img fetchpriority=\"high\" decoding=\"async\" width=\"1080\" height=\"1920\" src=\"https:\/\/acj-redon.fr\/wp-content\/uploads\/2024\/02\/Publication-projet-AMAL.png\" class=\"attachment-full size-full wp-image-245\" alt=\"\" srcset=\"https:\/\/acj-redon.fr\/wp-content\/uploads\/2024\/02\/Publication-projet-AMAL.png 1080w, https:\/\/acj-redon.fr\/wp-content\/uploads\/2024\/02\/Publication-projet-AMAL-169x300.png 169w, https:\/\/acj-redon.fr\/wp-content\/uploads\/2024\/02\/Publication-projet-AMAL-576x1024.png 576w, https:\/\/acj-redon.fr\/wp-content\/uploads\/2024\/02\/Publication-projet-AMAL-768x1365.png 768w, https:\/\/acj-redon.fr\/wp-content\/uploads\/2024\/02\/Publication-projet-AMAL-864x1536.png 864w\" sizes=\"100vw\" \/>\t\t\t\t\t\t\t\t\t\t\t<figcaption class=\"widget-image-caption wp-caption-text\">Affiche de communication du projet <\/figcaption>\n\t\t\t\t\t\t\t\t\t\t<\/figure>\n\t\t\t\t\t\t\t\t\t<\/div>\n\t\t\t\t<\/div>\n\t\t\t\t\t<\/div>\n\t\t<\/div>\n\t\t\t\t<div class=\"elementor-column elementor-col-33 elementor-top-column elementor-element elementor-element-a6dfcdd\" data-id=\"a6dfcdd\" data-element_type=\"column\" data-e-type=\"column\">\n\t\t\t<div class=\"elementor-widget-wrap elementor-element-populated\">\n\t\t\t\t\t\t<div class=\"elementor-element elementor-element-8b83da1 elementor-widget elementor-widget-text-editor\" data-id=\"8b83da1\" data-element_type=\"widget\" data-e-type=\"widget\" data-widget_type=\"text-editor.default\">\n\t\t\t\t<div class=\"elementor-widget-container\">\n\t\t\t\t\t\t\t\t\t<p>Vous souhaitez faire un don tout en d\u00e9corant vos espaces ?<\/p><p>Pour cela ACJ va cr\u00e9er des bouddhas et des bourdons en acier corten, l&rsquo;int\u00e9gralit\u00e9 sera revers\u00e9e \u00e0 l&rsquo;association.<\/p><p>Venez soutenir notre projet pour l&rsquo;association AMAL.<\/p><p>Vous pouvez passer commande ci-dessous<\/p><p>\u00a0<\/p>\t\t\t\t\t\t\t\t<\/div>\n\t\t\t\t<\/div>\n\t\t\t\t\t<\/div>\n\t\t<\/div>\n\t\t\t\t\t<\/div>\n\t\t<\/section>\n\t\t\t\t<section class=\"elementor-section elementor-top-section elementor-element elementor-element-71b994d elementor-section-boxed elementor-section-height-default elementor-section-height-default\" data-id=\"71b994d\" data-element_type=\"section\" data-e-type=\"section\">\n\t\t\t\t\t\t<div class=\"elementor-container elementor-column-gap-default\">\n\t\t\t\t\t<div class=\"elementor-column elementor-col-100 elementor-top-column elementor-element elementor-element-5673401\" data-id=\"5673401\" data-element_type=\"column\" data-e-type=\"column\">\n\t\t\t<div class=\"elementor-widget-wrap elementor-element-populated\">\n\t\t\t\t\t\t<div class=\"elementor-element elementor-element-6a25318 elementor-widget elementor-widget-wpforms\" data-id=\"6a25318\" data-element_type=\"widget\" data-e-type=\"widget\" data-widget_type=\"wpforms.default\">\n\t\t\t\t<div class=\"elementor-widget-container\">\n\t\t\t\t\t<div class=\"wpforms-container wpforms-container-full wpforms-render-modern\" id=\"wpforms-249\"><form id=\"wpforms-form-249\" class=\"wpforms-validate wpforms-form wpforms-ajax-form\" data-formid=\"249\" method=\"post\" enctype=\"multipart\/form-data\" action=\"\/index.php\/wp-json\/wp\/v2\/pages\/237\" data-token=\"53d5ef2f8af3de6abac3910800ff42bf\" data-token-time=\"1777623079\"><noscript class=\"wpforms-error-noscript\">Veuillez activer JavaScript dans votre navigateur pour remplir ce formulaire.<\/noscript><div id=\"wpforms-error-noscript\" style=\"display: none;\">Veuillez activer JavaScript dans votre navigateur pour remplir ce formulaire.<\/div><div class=\"wpforms-field-container\"><div id=\"wpforms-249-field_3-container\" class=\"wpforms-field wpforms-field-name\" data-field-id=\"3\"><fieldset><legend class=\"wpforms-field-label\">Nom <span class=\"wpforms-required-label\" aria-hidden=\"true\">*<\/span><\/legend><div class=\"wpforms-field-row wpforms-field-medium\"><div class=\"wpforms-field-row-block wpforms-first wpforms-one-half\"><input type=\"text\" id=\"wpforms-249-field_3\" class=\"wpforms-field-name-first wpforms-field-required\" name=\"wpforms[fields][3][first]\" aria-errormessage=\"wpforms-249-field_3-error\" required><label for=\"wpforms-249-field_3\" class=\"wpforms-field-sublabel after\">Pr\u00e9nom<\/label><\/div><div class=\"wpforms-field-row-block wpforms-one-half\"><input type=\"text\" id=\"wpforms-249-field_3-last\" class=\"wpforms-field-name-last wpforms-field-required\" name=\"wpforms[fields][3][last]\" aria-errormessage=\"wpforms-249-field_3-last-error\" required><label for=\"wpforms-249-field_3-last\" class=\"wpforms-field-sublabel after\">Nom<\/label><\/div><\/div><\/fieldset><\/div><div id=\"wpforms-249-field_5-container\" class=\"wpforms-field wpforms-field-name\" data-field-id=\"5\"><label class=\"wpforms-field-label\" for=\"wpforms-249-field_5\">Adresse <span class=\"wpforms-required-label\" aria-hidden=\"true\">*<\/span><\/label><input type=\"text\" id=\"wpforms-249-field_5\" class=\"wpforms-field-medium wpforms-field-required\" name=\"wpforms[fields][5]\" aria-errormessage=\"wpforms-249-field_5-error\" required><\/div><div id=\"wpforms-249-field_6-container\" class=\"wpforms-field wpforms-field-name\" data-field-id=\"6\"><label class=\"wpforms-field-label\" for=\"wpforms-249-field_6\">Ville <span class=\"wpforms-required-label\" aria-hidden=\"true\">*<\/span><\/label><input type=\"text\" id=\"wpforms-249-field_6\" class=\"wpforms-field-medium wpforms-field-required\" name=\"wpforms[fields][6]\" aria-errormessage=\"wpforms-249-field_6-error\" required><\/div><div id=\"wpforms-249-field_7-container\" class=\"wpforms-field wpforms-field-name\" data-field-id=\"7\"><label class=\"wpforms-field-label\" for=\"wpforms-249-field_7\">Code Postal <span class=\"wpforms-required-label\" aria-hidden=\"true\">*<\/span><\/label><input type=\"text\" id=\"wpforms-249-field_7\" class=\"wpforms-field-medium wpforms-field-required\" name=\"wpforms[fields][7]\" aria-errormessage=\"wpforms-249-field_7-error\" required><\/div><div id=\"wpforms-249-field_8-container\" class=\"wpforms-field wpforms-field-name\" data-field-id=\"8\"><label class=\"wpforms-field-label\" for=\"wpforms-249-field_8\">T\u00e9l\u00e9phone <span class=\"wpforms-required-label\" aria-hidden=\"true\">*<\/span><\/label><input type=\"text\" id=\"wpforms-249-field_8\" class=\"wpforms-field-medium wpforms-field-required\" name=\"wpforms[fields][8]\" aria-errormessage=\"wpforms-249-field_8-error\" required><\/div><div id=\"wpforms-249-field_9-container\" class=\"wpforms-field wpforms-field-name\" data-field-id=\"9\"><label class=\"wpforms-field-label\" for=\"wpforms-249-field_9\">Adresse Mail <span class=\"wpforms-required-label\" aria-hidden=\"true\">*<\/span><\/label><input type=\"text\" id=\"wpforms-249-field_9\" class=\"wpforms-field-medium wpforms-field-required\" name=\"wpforms[fields][9]\" aria-errormessage=\"wpforms-249-field_9-error\" required><\/div><div id=\"wpforms-249-field_23-container\" class=\"wpforms-field wpforms-field-radio wpforms-list-2-columns\" data-field-id=\"23\"><fieldset><legend class=\"wpforms-field-label\">Articles en \u20ac (possibilit\u00e9 de choix multiple)<\/legend><ul id=\"wpforms-249-field_23\" class=\"wpforms-image-choices wpforms-image-choices-modern\"><li class=\"choice-1 depth-1 wpforms-image-choices-item\"><label class=\"wpforms-field-label-inline\" for=\"wpforms-249-field_23_1\" tabindex=\"0\"><span class=\"wpforms-image-choices-image\"><img decoding=\"async\" src=\"https:\/\/acj-redon.fr\/wp-content\/uploads\/2024\/02\/6DAD9966-4CCC-4A8E-98A2-71B11F8EF9A7_L0_001-15_01_2024-10_07_47-scaled.jpg\" alt=\"Bouddha - 10\u20ac unitaire\" title=\"Bouddha - 10\u20ac unitaire\"><\/span><input type=\"radio\" id=\"wpforms-249-field_23_1\" class=\"wpforms-screen-reader-element\" name=\"wpforms[fields][23]\" value=\"Bouddha - 10\u20ac unitaire\" aria-errormessage=\"wpforms-249-field_23_1-error\" tabindex=\"-1\"  ><span class=\"wpforms-image-choices-label\">Bouddha - 10\u20ac unitaire<\/span><\/label><\/li><li class=\"choice-2 depth-1 wpforms-image-choices-item\"><label class=\"wpforms-field-label-inline\" for=\"wpforms-249-field_23_2\" tabindex=\"0\"><span class=\"wpforms-image-choices-image\"><img decoding=\"async\" src=\"https:\/\/acj-redon.fr\/wp-content\/uploads\/2024\/02\/92667C66-2F68-454D-AD64-1061A4A93AC6_L0_001-15_01_2024-10_07_30-scaled.jpg\" alt=\"Bourdon - 10\u20ac unitaire\" title=\"Bourdon - 10\u20ac unitaire\"><\/span><input type=\"radio\" id=\"wpforms-249-field_23_2\" class=\"wpforms-screen-reader-element\" name=\"wpforms[fields][23]\" value=\"Bourdon - 10\u20ac unitaire\" aria-errormessage=\"wpforms-249-field_23_2-error\" tabindex=\"-1\"  ><span class=\"wpforms-image-choices-label\">Bourdon - 10\u20ac unitaire<\/span><\/label><\/li><\/ul><\/fieldset><\/div><div id=\"wpforms-249-field_17-container\" class=\"wpforms-field wpforms-field-number\" data-field-id=\"17\"><label class=\"wpforms-field-label\" for=\"wpforms-249-field_17\">Nombres de Bouddha <span class=\"wpforms-required-label\" aria-hidden=\"true\">*<\/span><\/label><input type=\"number\" id=\"wpforms-249-field_17\" class=\"wpforms-field-small wpforms-field-required\" name=\"wpforms[fields][17]\" step=\"any\" aria-errormessage=\"wpforms-249-field_17-error\" required><\/div><div id=\"wpforms-249-field_18-container\" class=\"wpforms-field wpforms-field-number\" data-field-id=\"18\"><label class=\"wpforms-field-label\" for=\"wpforms-249-field_18\">Nombres de Bourdon <span class=\"wpforms-required-label\" aria-hidden=\"true\">*<\/span><\/label><input type=\"number\" id=\"wpforms-249-field_18\" class=\"wpforms-field-small wpforms-field-required\" name=\"wpforms[fields][18]\" step=\"any\" aria-errormessage=\"wpforms-249-field_18-error\" required><\/div><div id=\"wpforms-249-field_28-container\" class=\"wpforms-field wpforms-field-textarea\" data-field-id=\"28\"><label class=\"wpforms-field-label\" for=\"wpforms-249-field_28\">Total en \u20ac <span class=\"wpforms-required-label\" aria-hidden=\"true\">*<\/span><\/label><textarea id=\"wpforms-249-field_28\" class=\"wpforms-field-small wpforms-field-required\" name=\"wpforms[fields][28]\" aria-errormessage=\"wpforms-249-field_28-error\" aria-describedby=\"wpforms-249-field_28-description\" required><\/textarea><div id=\"wpforms-249-field_28-description\" class=\"wpforms-field-description\">Montant Total de la commande <\/div><\/div><\/div><!-- .wpforms-field-container --><div class=\"wpforms-recaptcha-container wpforms-is-recaptcha wpforms-is-recaptcha-type-v3\" ><input type=\"hidden\" name=\"wpforms[recaptcha]\" value=\"\"><\/div><div class=\"wpforms-submit-container\" ><input type=\"hidden\" name=\"wpforms[id]\" value=\"249\"><input type=\"hidden\" name=\"page_title\" value=\"\"><input type=\"hidden\" name=\"page_url\" value=\"https:\/\/acj-redon.fr\/index.php\/wp-json\/wp\/v2\/pages\/237\"><input type=\"hidden\" name=\"url_referer\" value=\"\"><button type=\"submit\" name=\"wpforms[submit]\" id=\"wpforms-submit-249\" class=\"wpforms-submit\" data-alt-text=\"Envoi...\" data-submit-text=\"Envoyer\" aria-live=\"assertive\" value=\"wpforms-submit\">Envoyer<\/button><img decoding=\"async\" src=\"https:\/\/acj-redon.fr\/wp-content\/plugins\/wpforms-lite\/assets\/images\/submit-spin.svg\" class=\"wpforms-submit-spinner\" style=\"display: none;\" width=\"26\" height=\"26\" alt=\"Chargement en cours\"><\/div><\/form><\/div>  <!-- .wpforms-container -->\t\t\t\t<\/div>\n\t\t\t\t<\/div>\n\t\t\t\t\t<\/div>\n\t\t<\/div>\n\t\t\t\t\t<\/div>\n\t\t<\/section>\n\t\t\t\t<\/div>\n\t\t","protected":false},"excerpt":{"rendered":"<p>Affiche de communication du projet Vous souhaitez faire un don tout en d\u00e9corant vos espaces ? Pour cela ACJ va cr\u00e9er des bouddhas et des bourdons en acier corten, l&rsquo;int\u00e9gralit\u00e9 sera revers\u00e9e \u00e0 l&rsquo;association. Venez soutenir notre projet pour l&rsquo;association AMAL. Vous pouvez passer commande ci-dessous \u00a0 Veuillez activer JavaScript dans votre navigateur pour remplir &hellip; <\/p>\n<p class=\"link-more\"><a href=\"https:\/\/acj-redon.fr\/index.php\/projet-amal\/\" class=\"more-link\">Continuer la lecture<span class=\"screen-reader-text\"> de &laquo;&nbsp;Projet AMAL&nbsp;&raquo;<\/span><\/a><\/p>\n","protected":false},"author":1,"featured_media":0,"parent":0,"menu_order":0,"comment_status":"closed","ping_status":"closed","template":"","meta":{"footnotes":""},"class_list":["post-237","page","type-page","status-publish","hentry"],"_links":{"self":[{"href":"https:\/\/acj-redon.fr\/index.php\/wp-json\/wp\/v2\/pages\/237","targetHints":{"allow":["GET"]}}],"collection":[{"href":"https:\/\/acj-redon.fr\/index.php\/wp-json\/wp\/v2\/pages"}],"about":[{"href":"https:\/\/acj-redon.fr\/index.php\/wp-json\/wp\/v2\/types\/page"}],"author":[{"embeddable":true,"href":"https:\/\/acj-redon.fr\/index.php\/wp-json\/wp\/v2\/users\/1"}],"replies":[{"embeddable":true,"href":"https:\/\/acj-redon.fr\/index.php\/wp-json\/wp\/v2\/comments?post=237"}],"version-history":[{"count":16,"href":"https:\/\/acj-redon.fr\/index.php\/wp-json\/wp\/v2\/pages\/237\/revisions"}],"predecessor-version":[{"id":282,"href":"https:\/\/acj-redon.fr\/index.php\/wp-json\/wp\/v2\/pages\/237\/revisions\/282"}],"wp:attachment":[{"href":"https:\/\/acj-redon.fr\/index.php\/wp-json\/wp\/v2\/media?parent=237"}],"curies":[{"name":"wp","href":"https:\/\/api.w.org\/{rel}","templated":true}]}}